{"id":3935,"date":"2025-08-27T22:08:17","date_gmt":"2025-08-27T19:08:17","guid":{"rendered":"https:\/\/kodusoojaks.ee\/?post_type=product&#038;p=3935"},"modified":"2025-08-28T18:28:20","modified_gmt":"2025-08-28T15:28:20","slug":"zehnder-evo","status":"publish","type":"product","link":"https:\/\/kodusoojaks.ee\/ru\/product\/zehnder-evo\/","title":{"rendered":"Zehnder EVO"},"content":{"rendered":"<p><img loading=\"lazy\" decoding=\"async\" class=\"alignnone size-full wp-image-3963\" src=\"https:\/\/kodusoojaks.ee\/wp-content\/uploads\/2025\/08\/EVO-Elements-EE-1024x683-1.png\" alt=\"\" width=\"1024\" height=\"683\" srcset=\"https:\/\/kodusoojaks.ee\/wp-content\/uploads\/2025\/08\/EVO-Elements-EE-1024x683-1.png 1024w, https:\/\/kodusoojaks.ee\/wp-content\/uploads\/2025\/08\/EVO-Elements-EE-1024x683-1-300x200.png 300w, https:\/\/kodusoojaks.ee\/wp-content\/uploads\/2025\/08\/EVO-Elements-EE-1024x683-1-768x512.png 768w, https:\/\/kodusoojaks.ee\/wp-content\/uploads\/2025\/08\/EVO-Elements-EE-1024x683-1-18x12.png 18w, https:\/\/kodusoojaks.ee\/wp-content\/uploads\/2025\/08\/EVO-Elements-EE-1024x683-1-510x340.png 510w\" sizes=\"auto, (max-width: 1024px) 100vw, 1024px\" \/><\/p>\n<p>&nbsp;<\/p>\n<h2 class=\"g-product-hero__title\">Zehnder EVO Eelised<\/h2>\n<ul class=\"wp-block-list\">\n<li>Intelligentne disain<\/li>\n<li>\u00dclimalt kompaktsed m\u00f5\u00f5tmed<\/li>\n<li>Kaunis ja minimalistlik disain<\/li>\n<li>T\u00e4ielik horisontaalne paigaldus, kondensaadi \u00e4ravoolu jaoks ei ole vaja kallet<\/li>\n<li>Topeltp\u00f6\u00f6rlev kondensaadi \u00e4ravool<\/li>\n<li>100% automaatne m\u00f6\u00f6daviik<\/li>\n<li>Vaikne t\u00f6\u00f6: m\u00fcrasummutavad klambrid ja vaiksed ventilaatorid tagavad akustilise mugavuse<\/li>\n<li>Sisseehitatud 1 kW eelk\u00fcte<\/li>\n<li>Valikuline: entalpiasoojusvaheti (ERV) osaliseks niiskuse tagastamiseks<\/li>\n<li>Aja kokkuhoid t\u00e4nu lihtsustatud ja intuitiivsele paigaldusele<\/li>\n<li>Vertikaalne v\u00f5i horisontaalne paigaldus<\/li>\n<li>P\u00f6\u00f6ratavad torustiku \u00fchendused topelttihendiga parema \u00f5hutiheduse tagamiseks<\/li>\n<li>V\u00f5imalus paigaldada kinnitussiinid seadme \u00fcksk\u00f5ik mis k\u00fcljele t\u00e4nu m\u00fcrasummutavate klambrite mitmek\u00fclgsusele<\/li>\n<li>\u00dcks seade, mitu lihtsat konfiguratsiooni<\/li>\n<li>K\u00f5rge j\u00f5udlus<\/li>\n<li>T\u00e4iustatud ventilaatoritehnoloogia v\u00f5imaldab madalat energiatarbimist<\/li>\n<li>Konstantse \u00f5huvoolu tehnoloogia tagab tasakaalustatud \u00f5huvooluhulga ja optimaalse mugavuse<\/li>\n<li>Voolujuooneline disain tagab parema \u00f5huvoolu ilma siser\u00f5hku suurendamata<\/li>\n<li>Parem energiat\u00f5husus (kuni 95%)<\/li>\n<li>Erinevad juhtimisv\u00f5imalused seinakontrollerite v\u00f5i nutika hooneautomaatikaga (KNX v\u00f5i Modbus)<\/li>\n<li><strong><a href=\"http:\/\/www.passivehouse.com\/\" target=\"_blank\" rel=\"noreferrer noopener\">\u0418\u043d\u0441\u0442\u0438\u0442\u0443\u0442 \u043f\u0430\u0441\u0441\u0438\u0432\u043d\u043e\u0433\u043e \u0434\u043e\u043c\u0430<\/a>\u00a0<\/strong>poolt sertifitseeritud<\/li>\n<\/ul>","protected":false},"excerpt":{"rendered":"<p>Nautige kvaliteetset sisekliimat ja mugavust Zehnder EVO abil. See t\u00e4iustatud konstantse \u00f5huvooluga ventilatsiooniseade tagab \u00fchtlase \u00f5huvoolu, v\u00e4hendades samal ajal energiatarbimist. Selle tsentrifugaalventilaatorid ettepoole kalduvate labadega tagavad vaikse t\u00f6\u00f6 ja suurep\u00e4rase t\u00f5hususe. T\u00e4nu lihtsale hooldusele ja optimaalse \u00f5hukvaliteedi tagamisele on Zehnder EVO ideaalne lahendus j\u00e4tkusuutlikuks ja mugavaks ventilatsiooniks.<\/p>\n<p>Zehnder EVO seadmed on saadaval HRV v\u00f5i ERV soojusvahetiga, koos integreeritud eelk\u00fcttega ning m\u00f5eldud \u00f5huvooluhulkadele kuni 400 m<sup>3<\/sup>\/h. See ventilatsiooniseade tagab paindlikkuse, energiat\u00f5hususe ja optimaalse sise\u00f5hu kvaliteedi igas ruumis.<\/p>\n<p>\u00dclimalt \u00f5huke konstruktsioon v\u00f5imaldab paigaldust lagedes v\u00f5i seintel, uutes hoonetes ja renoveerimisprojektides.<\/p>","protected":false},"featured_media":3961,"template":"","meta":{"_acf_changed":false},"product_brand":[624],"product_cat":[30,21],"product_tag":[625,485,486],"atribuutide_grupid":[],"class_list":{"0":"post-3935","1":"product","2":"type-product","3":"status-publish","4":"has-post-thumbnail","6":"product_brand-zehnder","7":"product_cat-horisontaalne","8":"product_cat-ventilatsioon","9":"product_tag-evo","10":"product_tag-ventilatsioon","11":"product_tag-zehnder","13":"first","14":"instock","15":"taxable","16":"shipping-taxable","17":"purchasable","18":"product-type-variable","19":"wvs-archive-product-wrapper"},"acf":[],"_links":{"self":[{"href":"https:\/\/kodusoojaks.ee\/ru\/wp-json\/wp\/v2\/product\/3935","targetHints":{"allow":["GET"]}}],"collection":[{"href":"https:\/\/kodusoojaks.ee\/ru\/wp-json\/wp\/v2\/product"}],"about":[{"href":"https:\/\/kodusoojaks.ee\/ru\/wp-json\/wp\/v2\/types\/product"}],"wp:featuredmedia":[{"embeddable":true,"href":"https:\/\/kodusoojaks.ee\/ru\/wp-json\/wp\/v2\/media\/3961"}],"wp:attachment":[{"href":"https:\/\/kodusoojaks.ee\/ru\/wp-json\/wp\/v2\/media?parent=3935"}],"wp:term":[{"taxonomy":"product_brand","embeddable":true,"href":"https:\/\/kodusoojaks.ee\/ru\/wp-json\/wp\/v2\/product_brand?post=3935"},{"taxonomy":"product_cat","embeddable":true,"href":"https:\/\/kodusoojaks.ee\/ru\/wp-json\/wp\/v2\/product_cat?post=3935"},{"taxonomy":"product_tag","embeddable":true,"href":"https:\/\/kodusoojaks.ee\/ru\/wp-json\/wp\/v2\/product_tag?post=3935"},{"taxonomy":"atribuutide_grupid","embeddable":true,"href":"https:\/\/kodusoojaks.ee\/ru\/wp-json\/wp\/v2\/atribuutide_grupid?post=3935"}],"curies":[{"name":"wp","href":"https:\/\/api.w.org\/{rel}","templated":true}]}}