{"id":3316,"date":"2024-06-27T22:13:21","date_gmt":"2024-06-27T19:13:21","guid":{"rendered":"https:\/\/kodusoojaks.ee\/?post_type=product&#038;p=3316"},"modified":"2025-02-05T00:01:02","modified_gmt":"2025-02-04T21:01:02","slug":"ecoforest-ecogeo-compact-pro","status":"publish","type":"product","link":"https:\/\/kodusoojaks.ee\/ru\/product\/ecoforest-ecogeo-compact-pro\/","title":{"rendered":"EcoForest EcoGeo+ Compact PRO"},"content":{"rendered":"","protected":false},"excerpt":{"rendered":"<p>\u041b\u0443\u0447\u0448\u0438\u0439 \u0433\u0435\u043e\u0442\u0435\u0440\u043c\u0430\u043b\u044c\u043d\u044b\u0439 \u0442\u0435\u043f\u043b\u043e\u0432\u043e\u0439 \u043d\u0430\u0441\u043e\u0441 2024 \u043d\u0430\u0433\u0440\u0430\u0436\u0434\u0435\u043d!<\/p>\n<ul>\n<li><span data-sheets-root=\"1\" data-sheets-value=\"{&quot;1&quot;:2,&quot;2&quot;:&quot;V\u00f5imsus: 2-10 kWrnJ\u00e4tkusuutlik - looduslik k\u00fclmaaine R290rnT\u00f5husus kuni 500%rnStandardvarustuses on sisseehitatud h\u00fcbridisatsioon fotogalvaanikaga.rnMitmed v\u00f5imalused: k\u00fcte, soe tarbevesi, aktiivne ja passiivne jahutus ning basseini k\u00fcte&quot;}\" data-sheets-userformat=\"{&quot;2&quot;:14851,&quot;3&quot;:{&quot;1&quot;:0},&quot;4&quot;:{&quot;1&quot;:2,&quot;2&quot;:16777215},&quot;12&quot;:0,&quot;14&quot;:{&quot;1&quot;:2,&quot;2&quot;:4473414},&quot;15&quot;:&quot;Raleway, sans-serif&quot;,&quot;16&quot;:12}\">\u041d\u0430 \u0432\u044b\u0431\u043e\u0440 \u0442\u0440\u0438 \u043c\u043e\u0449\u043d\u043e\u0441\u0442\u0438: 1-6 \u043a\u0412\u0442, 2-10 \u043a\u0412\u0442 \u0438\u043b\u0438 4-16 \u043a\u0412\u0442.<\/span><\/li>\n<li><span data-sheets-root=\"1\" data-sheets-value=\"{&quot;1&quot;:2,&quot;2&quot;:&quot;V\u00f5imsus: 2-10 kW\\r\\nJ\u00e4tkusuutlik - looduslik k\u00fclmaaine R290\\r\\nT\u00f5husus kuni 500%\\r\\nStandardvarustuses on sisseehitatud h\u00fcbridisatsioon fotogalvaanikaga.\\r\\nMitmed v\u00f5imalused: k\u00fcte, soe tarbevesi, aktiivne ja passiivne jahutus ning basseini k\u00fcte&quot;}\" data-sheets-userformat=\"{&quot;2&quot;:14851,&quot;3&quot;:{&quot;1&quot;:0},&quot;4&quot;:{&quot;1&quot;:2,&quot;2&quot;:16777215},&quot;12&quot;:0,&quot;14&quot;:{&quot;1&quot;:2,&quot;2&quot;:4473414},&quot;15&quot;:&quot;Raleway, sans-serif&quot;,&quot;16&quot;:12}\">\u0425\u043b\u0430\u0434\u0430\u0433\u0435\u043d\u0442 R290 PROPAAN<\/span><\/li>\n<li>\u041a\u043e\u043c\u043f\u0440\u0435\u0441\u0441\u043e\u0440 \u0418\u041d\u0412\u0415\u0420\u0422\u0415\u0420<\/li>\n<li>\u0412\u0441\u0442\u0440\u043e\u0435\u043d\u043d\u044b\u0435 \u0446\u0438\u0440\u043a\u0443\u043b\u044f\u0446\u0438\u043e\u043d\u043d\u044b\u0435 \u043d\u0430\u0441\u043e\u0441\u044b A+<\/li>\n<li>\u0412\u0441\u0442\u0440\u043e\u0435\u043d\u043d\u044b\u0435 \u0440\u0430\u0441\u0448\u0438\u0440\u0438\u0442\u0435\u043b\u044c\u043d\u044b\u0435 \u0431\u0430\u043a\u0438 \u0434\u043b\u044f \u043e\u0442\u043e\u043f\u043b\u0435\u043d\u0438\u044f \u0438 \u043a\u043e\u043d\u0442\u0443\u0440\u0430 \u0437\u0430\u0437\u0435\u043c\u043b\u0435\u043d\u0438\u044f<\/li>\n<li>\u0412\u0441\u0442\u0440\u043e\u0435\u043d\u043d\u044b\u0439 \u0442\u0435\u043f\u043b\u043e\u0441\u0447\u0435\u0442\u0447\u0438\u043a<\/li>\n<li>\u0412\u044b\u0441\u043e\u043a\u0430\u044f \u0442\u0435\u043c\u043f\u0435\u0440\u0430\u0442\u0443\u0440\u0430 \u0432\u043e\u0434\u044b, \u0434\u0430\u0436\u0435 \u0434\u043e 75*C<\/li>\n<li>\u0423\u043f\u0440\u0430\u0432\u043b\u0435\u043d\u0438\u0435 \u0434\u043e \u0447\u0435\u0442\u044b\u0440\u0435\u0445 \u043a\u043e\u043d\u0442\u0443\u0440\u043e\u0432 \u043d\u0430\u0433\u0440\u0435\u0432\u0430\/\u043e\u0445\u043b\u0430\u0436\u0434\u0435\u043d\u0438\u044f<\/li>\n<li>\u0412\u043e\u0437\u043c\u043e\u0436\u043d\u043e\u0441\u0442\u044c \u043f\u0430\u0441\u0441\u0438\u0432\u043d\u043e\u0433\u043e \u0438 \u0430\u043a\u0442\u0438\u0432\u043d\u043e\u0433\u043e \u043e\u0445\u043b\u0430\u0436\u0434\u0435\u043d\u0438\u044f (\u043c\u043e\u0434\u0435\u043b\u0438 B2\/B3\/B4) - \u041a\u043e\u043c\u043f\u0430\u043a\u0442\u043d\u0430\u044f \u043c\u043e\u0434\u0435\u043b\u044c (C2\/C3\/C4).<\/li>\n<li>\u041a\u0430\u0441\u043a\u0430\u0434\u043d\u044b\u0435 \u0440\u0435\u0448\u0435\u043d\u0438\u044f \u0434\u043b\u044f \u0443\u043f\u0440\u0430\u0432\u043b\u0435\u043d\u0438\u044f \u0434\u043e 3 \u0442\u0435\u043f\u043b\u043e\u0432\u044b\u0445 \u043d\u0430\u0441\u043e\u0441\u043e\u0432<\/li>\n<li>\u0413\u0430\u0440\u0430\u043d\u0442\u0438\u044f \u043d\u0430 \u0438\u043d\u0432\u0435\u0440\u0442\u043e\u0440\u043d\u044b\u0439 \u043a\u043e\u043c\u043f\u0440\u0435\u0441\u0441\u043e\u0440 4 \u0433\u043e\u0434\u0430<\/li>\n<li>\u041c\u043e\u0434\u0435\u043b\u044c COMPACT: \u0412\u0441\u0442\u0440\u043e\u0435\u043d\u043d\u044b\u0439 \u0432\u043e\u0434\u043e\u043d\u0430\u0433\u0440\u0435\u0432\u0430\u0442\u0435\u043b\u044c 165 \u043b<\/li>\n<\/ul>\n<p>&nbsp;<\/p>\n<p>\u0414\u043e\u043f\u043e\u043b\u043d\u0438\u0442\u0435\u043b\u044c\u043d\u0430\u044f \u0438\u043d\u0444\u043e\u0440\u043c\u0430\u0446\u0438\u044f \u043d\u0438\u0436\u0435<\/p>","protected":false},"featured_media":3322,"template":"","meta":{"_acf_changed":false},"product_brand":[],"product_cat":[23],"product_tag":[470,471,467],"atribuutide_grupid":[],"class_list":{"0":"post-3316","1":"product","2":"type-product","3":"status-publish","4":"has-post-thumbnail","6":"product_cat-maasoojuspumbad","7":"product_tag-ecoforest","8":"product_tag-maasoojuspump","9":"product_tag-soojuspump","11":"first","12":"instock","13":"taxable","14":"shipping-taxable","15":"purchasable","16":"product-type-variable","17":"wvs-archive-product-wrapper"},"acf":[],"_links":{"self":[{"href":"https:\/\/kodusoojaks.ee\/ru\/wp-json\/wp\/v2\/product\/3316","targetHints":{"allow":["GET"]}}],"collection":[{"href":"https:\/\/kodusoojaks.ee\/ru\/wp-json\/wp\/v2\/product"}],"about":[{"href":"https:\/\/kodusoojaks.ee\/ru\/wp-json\/wp\/v2\/types\/product"}],"wp:featuredmedia":[{"embeddable":true,"href":"https:\/\/kodusoojaks.ee\/ru\/wp-json\/wp\/v2\/media\/3322"}],"wp:attachment":[{"href":"https:\/\/kodusoojaks.ee\/ru\/wp-json\/wp\/v2\/media?parent=3316"}],"wp:term":[{"taxonomy":"product_brand","embeddable":true,"href":"https:\/\/kodusoojaks.ee\/ru\/wp-json\/wp\/v2\/product_brand?post=3316"},{"taxonomy":"product_cat","embeddable":true,"href":"https:\/\/kodusoojaks.ee\/ru\/wp-json\/wp\/v2\/product_cat?post=3316"},{"taxonomy":"product_tag","embeddable":true,"href":"https:\/\/kodusoojaks.ee\/ru\/wp-json\/wp\/v2\/product_tag?post=3316"},{"taxonomy":"atribuutide_grupid","embeddable":true,"href":"https:\/\/kodusoojaks.ee\/ru\/wp-json\/wp\/v2\/atribuutide_grupid?post=3316"}],"curies":[{"name":"wp","href":"https:\/\/api.w.org\/{rel}","templated":true}]}}