{"id":35,"date":"2021-04-09T07:02:28","date_gmt":"2021-04-09T07:02:28","guid":{"rendered":"https:\/\/kodusoojaks.ee\/?page_id=35"},"modified":"2026-01-05T14:27:26","modified_gmt":"2026-01-05T11:27:26","slug":"kontakt","status":"publish","type":"page","link":"https:\/\/kodusoojaks.ee\/ru\/kontakt\/","title":{"rendered":"\u0421\u0432\u044f\u0437\u0430\u0442\u044c\u0441\u044f \u0441 \u043d\u0430\u043c\u0438"},"content":{"rendered":"\n\n  <div class=\"banner has-hover has-parallax\" id=\"banner-624496288\">\n          <div class=\"banner-inner fill\">\n        <div class=\"banner-bg fill\" data-parallax=\"-4\" data-parallax-container=\".banner\" data-parallax-background>\n            <img loading=\"lazy\" decoding=\"async\" width=\"1600\" height=\"606\" src=\"https:\/\/kodusoojaks.ee\/wp-content\/uploads\/2024\/06\/samtec_jahutus_kontaktid.jpg\" class=\"bg attachment-original size-original wvs-archive-product-image\" alt=\"\" \/>                        <div class=\"overlay\"><\/div>            \n                    <\/div>\n\t\t\n        <div class=\"banner-layers container\">\n            <div class=\"fill banner-link\"><\/div>            \n\n   <div id=\"text-box-577456777\" class=\"text-box banner-layer x0 md-x0 lg-x0 y80 md-y80 lg-y80 res-text\">\n              <div data-parallax=\"-3\" data-parallax-fade=\"true\">       <div data-animate=\"fadeInUp\">           <div class=\"text-box-content text dark text-shadow-1\">\n              \n              <div class=\"text-inner text-center\">\n                  \n\n\t<div id=\"text-1873353572\" class=\"text\">\n\t\t\n\n<h1>Kontaktid<\/h1>\n\t\t\n<style>\n#text-1873353572 {\n  font-size: 0.75rem;\n  text-align: center;\n}\n<\/style>\n\t<\/div>\n\t\n\n              <\/div>\n           <\/div>\n       <\/div>       <\/div>              \n<style>\n#text-box-577456777 {\n  width: 100%;\n}\n#text-box-577456777 .text-box-content {\n  font-size: 131%;\n}\n@media (min-width:550px) {\n  #text-box-577456777 {\n    width: 100%;\n  }\n  #text-box-577456777 .text-box-content {\n    font-size: 100%;\n  }\n}\n<\/style>\n    <\/div>\n \n\n        <\/div>\n      <\/div>\n\n            \n<style>\n#banner-624496288 {\n  padding-top: 271px;\n}\n#banner-624496288 .overlay {\n  background-color: rgba(0, 0, 0, 0.27);\n}\n#banner-624496288 .banner-bg img {\n  object-position: 49% 43%;\n}\n<\/style>\n  <\/div>\n\n\n\t<div id=\"gap-1411595679\" class=\"gap-element clearfix\" style=\"display:block; height:auto;\">\n\t\t\n<style>\n#gap-1411595679 {\n  padding-top: 50px;\n}\n<\/style>\n\t<\/div>\n\t\n\n<div class=\"row\"  id=\"row-1292767307\">\n\n\n\t<div id=\"col-1444946277\" class=\"col small-12 large-12\"  >\n\t\t\t\t<div class=\"col-inner\"  >\n\t\t\t\n\t\t\t\n\n\t<div id=\"text-3755656213\" class=\"text\">\n\t\t\n\n<h3>Leia parim lahendus oma kodule &#8211;<br \/><strong>n\u00f5ustame, projekteerime, paigaldame ja hooldame!<\/strong><\/h3>\n\t\t\n<style>\n#text-3755656213 {\n  font-size: 1.45rem;\n  line-height: 1.15;\n  text-align: center;\n}\n<\/style>\n\t<\/div>\n\t\n<p style=\"text-align: center;\"><span style=\"font-size: 75%; color: #282828;\">P\u00e4ringuks kasuta allolevat vormi.<br \/>Hoolduse ja paranduse p\u00e4ringud palume saata<span style=\"color: #008000;\"><strong> <a style=\"color: #008000;\" href=\"https:\/\/kodusoojaks.ee\/jarelteenindus\/\" data-line-height=\"xs\">j\u00e4relteeninduse lehelt.<\/a><\/strong><\/span><\/span><\/p>\n\t<div class=\"img has-hover x md-x lg-x y md-y lg-y\" id=\"image_1280275541\">\n\t\t<a class=\"\" href=\"https:\/\/kodusoojaks.ee\/jahutus\/\" >\t\t\t\t\t\t<div class=\"img-inner dark\" >\n\t\t\t<img loading=\"lazy\" decoding=\"async\" width=\"1200\" height=\"412\" src=\"https:\/\/kodusoojaks.ee\/wp-content\/uploads\/2024\/06\/banner_samtec_jahutus_kontaktid.jpg\" class=\"attachment-original size-original wvs-archive-product-image\" alt=\"\" srcset=\"https:\/\/kodusoojaks.ee\/wp-content\/uploads\/2024\/06\/banner_samtec_jahutus_kontaktid.jpg 1200w, https:\/\/kodusoojaks.ee\/wp-content\/uploads\/2024\/06\/banner_samtec_jahutus_kontaktid-300x103.jpg 300w, https:\/\/kodusoojaks.ee\/wp-content\/uploads\/2024\/06\/banner_samtec_jahutus_kontaktid-1024x352.jpg 1024w, https:\/\/kodusoojaks.ee\/wp-content\/uploads\/2024\/06\/banner_samtec_jahutus_kontaktid-768x264.jpg 768w, https:\/\/kodusoojaks.ee\/wp-content\/uploads\/2024\/06\/banner_samtec_jahutus_kontaktid-18x6.jpg 18w, https:\/\/kodusoojaks.ee\/wp-content\/uploads\/2024\/06\/banner_samtec_jahutus_kontaktid-510x175.jpg 510w\" sizes=\"auto, (max-width: 1200px) 100vw, 1200px\" \/>\t\t\t\t\t\t\n\t\t\t\t\t<\/div>\n\t\t\t\t\t\t<\/a>\t\t\n<style>\n#image_1280275541 {\n  width: 100%;\n}\n<\/style>\n\t<\/div>\n\t\n\n\n\t\t<\/div>\n\t\t\t\t\t<\/div>\n\n\t\n\n<\/div>\n<span class=\"scroll-to\" data-label=\"Scroll to: #paring\" data-bullet=\"false\" data-link=\"#paring\" data-title=\"paring\"><a name=\"paring\"><\/a><\/span>\n\n\n\t<section class=\"section paringuvorm dark\" id=\"section_1445274443\">\n\t\t<div class=\"section-bg fill\" >\n\t\t\t\t\t\t\t\t\t\n\t\t\t\n\n\t\t<\/div>\n\n\t\t\n\n\t\t<div class=\"section-content relative\">\n\t\t\t\n\n<div class=\"row\" style=\"max-width:768px\" id=\"row-994015545\">\n\n\n\t<div id=\"col-2004147089\" class=\"col small-12 large-12\"  >\n\t\t\t\t<div class=\"col-inner\"  >\n\t\t\t\n\t\t\t\n\n<p><script type=\"text\/javascript\">var gform;gform||(document.addEventListener(\"gform_main_scripts_loaded\",function(){gform.scriptsLoaded=!0}),window.addEventListener(\"DOMContentLoaded\",function(){gform.domLoaded=!0}),gform={domLoaded:!1,scriptsLoaded:!1,initializeOnLoaded:function(o){gform.domLoaded&&gform.scriptsLoaded?o():!gform.domLoaded&&gform.scriptsLoaded?window.addEventListener(\"DOMContentLoaded\",o):document.addEventListener(\"gform_main_scripts_loaded\",o)},hooks:{action:{},filter:{}},addAction:function(o,n,r,t){gform.addHook(\"action\",o,n,r,t)},addFilter:function(o,n,r,t){gform.addHook(\"filter\",o,n,r,t)},doAction:function(o){gform.doHook(\"action\",o,arguments)},applyFilters:function(o){return gform.doHook(\"filter\",o,arguments)},removeAction:function(o,n){gform.removeHook(\"action\",o,n)},removeFilter:function(o,n,r){gform.removeHook(\"filter\",o,n,r)},addHook:function(o,n,r,t,i){null==gform.hooks[o][n]&&(gform.hooks[o][n]=[]);var e=gform.hooks[o][n];null==i&&(i=n+\"_\"+e.length),gform.hooks[o][n].push({tag:i,callable:r,priority:t=null==t?10:t})},doHook:function(n,o,r){var t;if(r=Array.prototype.slice.call(r,1),null!=gform.hooks[n][o]&&((o=gform.hooks[n][o]).sort(function(o,n){return o.priority-n.priority}),o.forEach(function(o){\"function\"!=typeof(t=o.callable)&&(t=window[t]),\"action\"==n?t.apply(null,r):r[0]=t.apply(null,r)})),\"filter\"==n)return r[0]},removeHook:function(o,n,t,i){var r;null!=gform.hooks[o][n]&&(r=(r=gform.hooks[o][n]).filter(function(o,n,r){return!!(null!=i&&i!=o.tag||null!=t&&t!=o.priority)}),gform.hooks[o][n]=r)}});<\/script>\n                <div class='gf_browser_gecko gform_wrapper gform_legacy_markup_wrapper gform-theme--no-framework' data-form-theme='legacy' data-form-index='0' id='gform_wrapper_1' ><div id='gf_1' class='gform_anchor' tabindex='-1'><\/div>\n                        <div class='gform_heading'>\n                            <h3 class=\"gform_title\">T\u00e4ida vorm<\/h3>\n                            <p class='gform_description'><\/p>\n                        <\/div><form method='post' enctype='multipart\/form-data' target='gform_ajax_frame_1' id='gform_1'  action='\/ru\/wp-json\/wp\/v2\/pages\/35#gf_1' data-formid='1' novalidate> \r\n <input type='hidden' class='gforms-pum' value='{\"closepopup\":false,\"closedelay\":0,\"openpopup\":false,\"openpopup_id\":0}' \/>\n                        <div class='gform-body gform_body'><ul id='gform_fields_1' class='gform_fields top_label form_sublabel_below description_below validation_below'><li id=\"field_1_1\" class=\"gfield gfield--type-text gfield--input-type-text gfield_contains_required field_sublabel_below gfield--no-description field_description_below hidden_label field_validation_below gfield_visibility_visible\"  data-js-reload=\"field_1_1\" ><label class='gfield_label gform-field-label' for='input_1_1'>Sinu ees- ja perekonnanimi<span class=\"gfield_required\"><span class=\"gfield_required gfield_required_asterisk\">*<\/span><\/span><\/label><div class='ginput_container ginput_container_text'><input name='input_1' id='input_1_1' type='text' value='' class='medium'   tabindex='9999' placeholder='Nimi *' aria-required=\"true\" aria-invalid=\"false\"   \/> <\/div><\/li><li id=\"field_1_2\" class=\"gfield gfield--type-email gfield--input-type-email gfield_contains_required field_sublabel_below gfield--no-description field_description_below hidden_label field_validation_below gfield_visibility_visible\"  data-js-reload=\"field_1_2\" ><label class='gfield_label gform-field-label' for='input_1_2'>Sinu e-posti aadress *<span class=\"gfield_required\"><span class=\"gfield_required gfield_required_asterisk\">*<\/span><\/span><\/label><div class='ginput_container ginput_container_email'>\n                            <input name='input_2' id='input_1_2' type='email' value='' class='medium' tabindex='10000'  placeholder='E-post *' aria-required=\"true\" aria-invalid=\"false\"  \/>\n                        <\/div><\/li><li id=\"field_1_7\" class=\"gfield gfield--type-text gfield--input-type-text gfield_contains_required field_sublabel_below gfield--no-description field_description_below hidden_label field_validation_below gfield_visibility_visible\"  data-js-reload=\"field_1_7\" ><label class='gfield_label gform-field-label' for='input_1_7'>Sinu telefoni number *<span class=\"gfield_required\"><span class=\"gfield_required gfield_required_asterisk\">*<\/span><\/span><\/label><div class='ginput_container ginput_container_text'><input name='input_7' id='input_1_7' type='text' value='' class='medium'   tabindex='10001' placeholder='Telefon *' aria-required=\"true\" aria-invalid=\"false\"   \/> <\/div><\/li><li id=\"field_1_4\" class=\"gfield gfield--type-text gfield--input-type-text field_sublabel_below gfield--no-description field_description_below hidden_label field_validation_below gfield_visibility_visible\"  data-js-reload=\"field_1_4\" ><label class='gfield_label gform-field-label' for='input_1_4'>Sinu aadress<\/label><div class='ginput_container ginput_container_text'><input name='input_4' id='input_1_4' type='text' value='' class='medium'   tabindex='10002' placeholder='Aadress'  aria-invalid=\"false\"   \/> <\/div><\/li><li id=\"field_1_9\" class=\"gfield gfield--type-text gfield--input-type-text gfield--width-full field_sublabel_below gfield--no-description field_description_below hidden_label field_validation_below gfield_visibility_visible\"  data-js-reload=\"field_1_9\" ><label class='gfield_label gform-field-label' for='input_1_9'>K\u00f6etav pind (m2)<\/label><div class='ginput_container ginput_container_text'><input name='input_9' id='input_1_9' type='text' value='' class='medium'   tabindex='10003' placeholder='K\u00f6etav pind (m2)'  aria-invalid=\"false\"   \/> <\/div><\/li><li id=\"field_1_8\" class=\"gfield gfield--type-select gfield--input-type-select gfield--width-full field_sublabel_below gfield--no-description field_description_below hidden_label field_validation_below gfield_visibility_visible\"  data-js-reload=\"field_1_8\" ><label class='gfield_label gform-field-label' for='input_1_8'>Kust sa meist kuulsid?<\/label><div class='ginput_container ginput_container_select'><select name='input_8' id='input_1_8' class='large gfield_select' tabindex='10004'    aria-invalid=\"false\" ><option value='' selected='selected' class='gf_placeholder'>Kust sa meist kuulsid?<\/option><option value='Sotsiaalmeedias' >Sotsiaalmeedias<\/option><option value='S\u00f5bralt' >S\u00f5bralt<\/option><option value='Raadiost' >Raadiost<\/option><option value='Paberv\u00e4ljaandes' >Paberv\u00e4ljaandes<\/option><option value='Otsinguga' >Otsinguga<\/option><option value='Muu' >Muu<\/option><\/select><\/div><\/li><li id=\"field_1_6\" class=\"gfield gfield--type-textarea gfield--input-type-textarea field_sublabel_below gfield--no-description field_description_below hidden_label field_validation_below gfield_visibility_visible\"  data-js-reload=\"field_1_6\" ><label class='gfield_label gform-field-label' for='input_1_6'>Lisainfo<\/label><div class='ginput_container ginput_container_textarea'><textarea name='input_6' id='input_1_6' class='textarea medium' tabindex='10005'   placeholder='S\u00f5num'  aria-invalid=\"false\"   rows='10' cols='50'><\/textarea><\/div><\/li><\/ul><\/div>\n        <div class='gform_footer top_label'> <input type='submit' id='gform_submit_button_1' class='gform_button button' value='K\u00fcsi pakkumist' tabindex='10006' onclick='if(window[\"gf_submitting_1\"]){return false;}  if( !jQuery(\"#gform_1\")[0].checkValidity || jQuery(\"#gform_1\")[0].checkValidity()){window[\"gf_submitting_1\"]=true;}  ' onkeypress='if( event.keyCode == 13 ){ if(window[\"gf_submitting_1\"]){return false;} if( !jQuery(\"#gform_1\")[0].checkValidity || jQuery(\"#gform_1\")[0].checkValidity()){window[\"gf_submitting_1\"]=true;}  jQuery(\"#gform_1\").trigger(\"submit\",[true]); }' \/> <input type='hidden' name='gform_ajax' value='form_id=1&amp;title=1&amp;description=1&amp;tabindex=9999&amp;theme=legacy' \/>\n            <input type='hidden' class='gform_hidden' name='is_submit_1' value='1' \/>\n            <input type='hidden' class='gform_hidden' name='gform_submit' value='1' \/>\n            \n            <input type='hidden' class='gform_hidden' name='gform_unique_id' value='' \/>\n            <input type='hidden' class='gform_hidden' name='state_1' value='WyJ7XCI4XCI6W1wiZDI5ZTI0ZmEyODJhZjA4MjIyNzQzNDY1ZmM2MDRlNGRcIixcImI4ODIyNDJlNTAzMTk5ZTQyYjRlYTUwOGM2Y2U3YzYwXCIsXCI5Y2YxN2U1ZjNiOGI1YWE0NmVmMDExODgxODcxYmQxNFwiLFwiYjM4MWE5ODkyZDFmNGMxYTk3MTk4MWRkMDUyYzdkNzFcIixcIjc3YjUxOTc3YTdlODQzNTZmMGJhOGJhZWM0NjYyYzIyXCIsXCJkMzZjMDZiZjdmZDVmYzJhM2NjOWYyZGVmMTcyZjM5NFwiXX0iLCIxOWJmM2U5ZjcwOWJmYzhlYzA1NTJiNTY5ODFlN2M5YSJd' \/>\n            <input type='hidden' class='gform_hidden' name='gform_target_page_number_1' id='gform_target_page_number_1' value='0' \/>\n            <input type='hidden' class='gform_hidden' name='gform_source_page_number_1' id='gform_source_page_number_1' value='1' \/>\n            <input type='hidden' name='gform_field_values' value='' \/>\n            \n        <\/div>\n                        <p style=\"display: none !important;\" class=\"akismet-fields-container\" data-prefix=\"ak_\"><label>&#916;<textarea name=\"ak_hp_textarea\" cols=\"45\" rows=\"8\" maxlength=\"100\"><\/textarea><\/label><input type=\"hidden\" id=\"ak_js_1\" name=\"ak_js\" value=\"113\"\/><script>document.getElementById( \"ak_js_1\" ).setAttribute( \"value\", ( new Date() ).getTime() );<\/script><\/p><\/form>\n                        <\/div>\n\t\t                <iframe style='display:none;width:0px;height:0px;' src='about:blank' name='gform_ajax_frame_1' id='gform_ajax_frame_1' title='\u042d\u0442\u043e\u0442 iframe \u0441\u043e\u0434\u0435\u0440\u0436\u0438\u0442 \u043d\u0435\u043e\u0431\u0445\u043e\u0434\u0438\u043c\u0443\u044e \u043b\u043e\u0433\u0438\u043a\u0443 \u0434\u043b\u044f \u043e\u0431\u0440\u0430\u0431\u043e\u0442\u043a\u0438 Ajax \u0432 Gravity Forms.'><\/iframe>\n\t\t                <script type=\"text\/javascript\">\n\/* <![CDATA[ *\/\n gform.initializeOnLoaded( function() {gformInitSpinner( 1, 'https:\/\/kodusoojaks.ee\/wp-content\/plugins\/gravityforms\/images\/spinner.svg', true );jQuery('#gform_ajax_frame_1').on('load',function(){var contents = jQuery(this).contents().find('*').html();var is_postback = contents.indexOf('GF_AJAX_POSTBACK') >= 0;if(!is_postback){return;}var form_content = jQuery(this).contents().find('#gform_wrapper_1');var is_confirmation = jQuery(this).contents().find('#gform_confirmation_wrapper_1').length > 0;var is_redirect = contents.indexOf('gformRedirect(){') >= 0;var is_form = form_content.length > 0 && ! is_redirect && ! is_confirmation;var mt = parseInt(jQuery('html').css('margin-top'), 10) + parseInt(jQuery('body').css('margin-top'), 10) + 100;if(is_form){jQuery('#gform_wrapper_1').html(form_content.html());if(form_content.hasClass('gform_validation_error')){jQuery('#gform_wrapper_1').addClass('gform_validation_error');} else {jQuery('#gform_wrapper_1').removeClass('gform_validation_error');}setTimeout( function() { \/* delay the scroll by 50 milliseconds to fix a bug in chrome *\/ jQuery(document).scrollTop(jQuery('#gform_wrapper_1').offset().top - mt); }, 50 );if(window['gformInitDatepicker']) {gformInitDatepicker();}if(window['gformInitPriceFields']) {gformInitPriceFields();}var current_page = jQuery('#gform_source_page_number_1').val();gformInitSpinner( 1, 'https:\/\/kodusoojaks.ee\/wp-content\/plugins\/gravityforms\/images\/spinner.svg', true );jQuery(document).trigger('gform_page_loaded', [1, current_page]);window['gf_submitting_1'] = false;}else if(!is_redirect){var confirmation_content = jQuery(this).contents().find('.GF_AJAX_POSTBACK').html();if(!confirmation_content){confirmation_content = contents;}jQuery('#gform_wrapper_1').replaceWith(confirmation_content);jQuery(document).scrollTop(jQuery('#gf_1').offset().top - mt);jQuery(document).trigger('gform_confirmation_loaded', [1]);window['gf_submitting_1'] = false;wp.a11y.speak(jQuery('#gform_confirmation_message_1').text());}else{jQuery('#gform_1').append(contents);if(window['gformRedirect']) {gformRedirect();}}jQuery(document).trigger(\"gform_pre_post_render\", [{ formId: \"1\", currentPage: \"current_page\", abort: function() { this.preventDefault(); } }]);                if (event && event.defaultPrevented) {                return;         }        const gformWrapperDiv = document.getElementById( \"gform_wrapper_1\" );        if ( gformWrapperDiv ) {            const visibilitySpan = document.createElement( \"span\" );            visibilitySpan.id = \"gform_visibility_test_1\";            gformWrapperDiv.insertAdjacentElement( \"afterend\", visibilitySpan );        }        const visibilityTestDiv = document.getElementById( \"gform_visibility_test_1\" );        let postRenderFired = false;                function triggerPostRender() {            if ( postRenderFired ) {                return;            }            postRenderFired = true;            jQuery( document ).trigger( 'gform_post_render', [1, current_page] );            gform.utils.trigger( { event: 'gform\/postRender', native: false, data: { formId: 1, currentPage: current_page } } );            if ( visibilityTestDiv ) {                visibilityTestDiv.parentNode.removeChild( visibilityTestDiv );            }        }        function debounce( func, wait, immediate ) {            var timeout;            return function() {                var context = this, args = arguments;                var later = function() {                    timeout = null;                    if ( !immediate ) func.apply( context, args );                };                var callNow = immediate && !timeout;                clearTimeout( timeout );                timeout = setTimeout( later, wait );                if ( callNow ) func.apply( context, args );            };        }        const debouncedTriggerPostRender = debounce( function() {            triggerPostRender();        }, 200 );        if ( visibilityTestDiv && visibilityTestDiv.offsetParent === null ) {            const observer = new MutationObserver( ( mutations ) => {                mutations.forEach( ( mutation ) => {                    if ( mutation.type === 'attributes' && visibilityTestDiv.offsetParent !== null ) {                        debouncedTriggerPostRender();                        observer.disconnect();                    }                });            });            observer.observe( document.body, {                attributes: true,                childList: false,                subtree: true,                attributeFilter: [ 'style', 'class' ],            });        } else {            triggerPostRender();        }    } );} ); \n\/* ]]> *\/\n<\/script>\n<\/p>\n\n\t\t<\/div>\n\t\t\t\t\t<\/div>\n\n\t\n\n<\/div>\n\n\t\t<\/div>\n\n\t\t\n<style>\n#section_1445274443 {\n  padding-top: 30px;\n  padding-bottom: 30px;\n  background-color: rgb(51, 51, 51);\n}\n<\/style>\n\t<\/section>\n\t\n\n\t<div id=\"gap-167159104\" class=\"gap-element clearfix\" style=\"display:block; height:auto;\">\n\t\t\n<style>\n#gap-167159104 {\n  padding-top: 50px;\n}\n<\/style>\n\t<\/div>\n\t\n\n\t<div id=\"text-3072316081\" class=\"text\">\n\t\t\n\n<h1>Kontaktid<\/h1>\n\t\t\n<style>\n#text-3072316081 {\n  text-align: center;\n}\n<\/style>\n\t<\/div>\n\t\n\t<div id=\"gap-1095117319\" class=\"gap-element clearfix\" style=\"display:block; height:auto;\">\n\t\t\n<style>\n#gap-1095117319 {\n  padding-top: 30px;\n}\n<\/style>\n\t<\/div>\n\t\n\n<div class=\"row\"  id=\"row-998082955\">\n\n\n\t<div id=\"col-1119983424\" class=\"col medium-4 small-12 large-4\"  >\n\t\t\t\t<div class=\"col-inner\"  >\n\t\t\t\n\t\t\t\n\n<h2>Samtec O\u00dc<\/h2>\n<p>Angerja tee 38, H\u00fc\u00fcru k\u00fcla, Saue vald, Harju maakond, 76911<\/p>\n\n\t\t<\/div>\n\t\t\t\t\t<\/div>\n\n\t\n\n\t<div id=\"col-277634176\" class=\"col medium-4 small-12 large-4\"  >\n\t\t\t\t<div class=\"col-inner\"  >\n\t\t\t\n\t\t\t\n\n<p>Registrikood: 14014431<br \/>\nKMKR nr: EE101862189<br \/>\nFlouritud kasvuhoonegaaside k\u00e4itlemine:<br \/>\nFKKL\/328652<br \/>\nEhitamine: EEH009909<\/p>\n\n\t\t<\/div>\n\t\t\t\t\t<\/div>\n\n\t\n\n\t<div id=\"col-2046249103\" class=\"col medium-4 small-12 large-4\"  >\n\t\t\t\t<div class=\"col-inner\"  >\n\t\t\t\n\t\t\t\n\n<p>E-post:<br \/>\n<a href=\"mailto:info@samtec.ee\">info@samtec.ee<\/a><\/p>\n<p>Raamatupidamine:<br \/>\n<a href=\"mailto:arved@samtec.ee\">arved@samtec.ee<\/a><\/p>\n\n\t\t<\/div>\n\t\t\t\t\t<\/div>\n\n\t\n\n<\/div>\n\t<div id=\"gap-682003701\" class=\"gap-element clearfix\" style=\"display:block; height:auto;\">\n\t\t\n<style>\n#gap-682003701 {\n  padding-top: 30px;\n}\n<\/style>\n\t<\/div>\n\t\n\n\n","protected":false},"excerpt":{"rendered":"","protected":false},"author":2,"featured_media":253,"parent":0,"menu_order":0,"comment_status":"closed","ping_status":"closed","template":"page-transparent-header-light.php","meta":{"_acf_changed":false,"footnotes":""},"class_list":["post-35","page","type-page","status-publish","has-post-thumbnail","hentry"],"acf":[],"_links":{"self":[{"href":"https:\/\/kodusoojaks.ee\/ru\/wp-json\/wp\/v2\/pages\/35","targetHints":{"allow":["GET"]}}],"collection":[{"href":"https:\/\/kodusoojaks.ee\/ru\/wp-json\/wp\/v2\/pages"}],"about":[{"href":"https:\/\/kodusoojaks.ee\/ru\/wp-json\/wp\/v2\/types\/page"}],"author":[{"embeddable":true,"href":"https:\/\/kodusoojaks.ee\/ru\/wp-json\/wp\/v2\/users\/2"}],"replies":[{"embeddable":true,"href":"https:\/\/kodusoojaks.ee\/ru\/wp-json\/wp\/v2\/comments?post=35"}],"version-history":[{"count":23,"href":"https:\/\/kodusoojaks.ee\/ru\/wp-json\/wp\/v2\/pages\/35\/revisions"}],"predecessor-version":[{"id":3268,"href":"https:\/\/kodusoojaks.ee\/ru\/wp-json\/wp\/v2\/pages\/35\/revisions\/3268"}],"wp:featuredmedia":[{"embeddable":true,"href":"https:\/\/kodusoojaks.ee\/ru\/wp-json\/wp\/v2\/media\/253"}],"wp:attachment":[{"href":"https:\/\/kodusoojaks.ee\/ru\/wp-json\/wp\/v2\/media?parent=35"}],"curies":[{"name":"wp","href":"https:\/\/api.w.org\/{rel}","templated":true}]}}