{"id":2487,"date":"2023-09-01T09:10:10","date_gmt":"2023-09-01T06:10:10","guid":{"rendered":"https:\/\/kodusoojaks.ee\/?page_id=2487"},"modified":"2026-01-05T14:23:39","modified_gmt":"2026-01-05T11:23:39","slug":"jarelteenindus","status":"publish","type":"page","link":"https:\/\/kodusoojaks.ee\/ru\/jarelteenindus\/","title":{"rendered":"Hooldus"},"content":{"rendered":"\n\n\t<section class=\"section\" id=\"section_505156007\">\n\t\t<div class=\"section-bg fill\" >\n\t\t\t\t\t\t\t\t\t\n\t\t\t\n\n\t\t<\/div>\n\n\t\t\n\n\t\t<div class=\"section-content relative\">\n\t\t\t\n\n<div class=\"row\" style=\"max-width:1200px\" id=\"row-1701177156\">\n\n\n\t<div id=\"col-1204992080\" class=\"col small-12 large-12\"  >\n\t\t\t\t<div class=\"col-inner\"  >\n\t\t\t\n\t\t\t\n\n\n  <div class=\"banner has-hover\" id=\"banner-180063623\">\n          <div class=\"banner-inner fill\">\n        <div class=\"banner-bg fill\" >\n            <img loading=\"lazy\" decoding=\"async\" width=\"1020\" height=\"546\" src=\"https:\/\/kodusoojaks.ee\/wp-content\/uploads\/2023\/09\/kliimaseadmete-hooldus-taust-1024x548.png\" class=\"bg attachment-large size-large wvs-archive-product-image\" alt=\"\" \/>                                    \n                    <\/div>\n\t\t\n        <div class=\"banner-layers container\">\n            <div class=\"fill banner-link\"><\/div>            \n\n   <div id=\"text-box-345665734\" class=\"text-box banner-layer x5 md-x5 lg-x5 y50 md-y50 lg-y50 res-text\">\n              <div data-parallax=\"-1\" data-parallax-fade=\"true\">       <div data-animate=\"bounceIn\">           <div class=\"text-box-content text \">\n              \n              <div class=\"text-inner text-left\">\n                  \n\n<h1>Seadmete hooldus<\/h1>\n<p>Seadmete pikema eluea tagamiseks on soovitatav neid regulaarselt hooldada. Meie tehnikud teostavad soojuspumpade, jahutusseadmete ja ventilatsioonis\u00fcsteemide hooldust.<\/p>\n<a href=\"tel:3726080007\" class=\"button primary\" >\n\t\t<span>Helista +372 60 800 07<\/span>\n\t<\/a>\n\n\n<a href=\"#sisu\" class=\"button primary is-outline\" >\n\t\t<span>Loe l\u00e4hemalt<\/span>\n\t<\/a>\n\n\n\n              <\/div>\n           <\/div>\n       <\/div>       <\/div>              \n<style>\n#text-box-345665734 {\n  width: 53%;\n}\n#text-box-345665734 .text-box-content {\n  font-size: 100%;\n}\n<\/style>\n    <\/div>\n \n\n        <\/div>\n      <\/div>\n\n            \n<style>\n#banner-180063623 {\n  padding-top: 400px;\n  background-color: rgb(247, 245, 245);\n}\n<\/style>\n  <\/div>\n\n\n\n\t\t<\/div>\n\t\t\t\t\t<\/div>\n\n\t\n\n<\/div>\n\n\t\t<\/div>\n\n\t\t\n<style>\n#section_505156007 {\n  padding-top: 0px;\n  padding-bottom: 0px;\n}\n<\/style>\n\t<\/section>\n\t\n\n\t<section class=\"section\" id=\"section_1822828420\">\n\t\t<div class=\"section-bg fill\" >\n\t\t\t\t\t\t\t\t\t\n\t\t\t\n\n\t\t<\/div>\n\n\t\t\n\n\t\t<div class=\"section-content relative\">\n\t\t\t\n\n<div class=\"row\"  id=\"row-914185262\">\n\n\n\t<div id=\"col-631770827\" class=\"col hide-for-small medium-4 small-12 large-4\"  >\n\t\t\t\t<div class=\"col-inner\"  >\n\t\t\t\n\t\t\t\n\n<div class=\"menu-hooldus-container\"><ul id=\"436\" class=\"menu\"><li id=\"menu-item-2517\" class=\"menu-item menu-item-type-post_type menu-item-object-page menu-item-2517\"><a href=\"https:\/\/kodusoojaks.ee\/ru\/jarelteenindus\/ventilatsiooni-hooldus\/\">Ventilatsiooni hooldus<\/a><\/li>\n<li id=\"menu-item-3088\" class=\"menu-item menu-item-type-post_type menu-item-object-page menu-item-3088\"><a href=\"https:\/\/kodusoojaks.ee\/ru\/jarelteenindus\/ohk-vesi-soojuspumba-hooldus\/\">\u00d5hk \u2013 vesi soojuspumba hooldus<\/a><\/li>\n<li id=\"menu-item-3091\" class=\"menu-item menu-item-type-post_type menu-item-object-page menu-item-3091\"><a href=\"https:\/\/kodusoojaks.ee\/ru\/jarelteenindus\/ohk-ohk-soojuspumba-hooldus\/\">\u00d5hk \u2013 \u00f5hk soojuspumba hooldus<\/a><\/li>\n<li id=\"menu-item-3704\" class=\"menu-item menu-item-type-post_type menu-item-object-page menu-item-3704\"><a href=\"https:\/\/kodusoojaks.ee\/ru\/jarelteenindus\/de-mineraliseerimine\/\">De-mineraliseerimine<\/a><\/li>\n<\/ul><\/div>\n\n\t\t<\/div>\n\t\t\t\t\t<\/div>\n\n\t\n\n\t<div id=\"col-1068462960\" class=\"col medium-8 small-12 large-8\"  >\n\t\t\t\t<div class=\"col-inner\"  >\n\t\t\t\n\t\t\t\n\n<h2>Hooldusinformatsioon<\/h2>\n<p>Meie tehnikud teostavad soojuspumpade, jahutusseadmete ja ventilatsioonis\u00fcsteemide hooldust.<\/p>\n<p>\u00a0<\/p>\n<h3 class=\"elementToProof\">Ventilatsiooni hooldus<\/h3>\n<div class=\"elementToProof\">Ventilatsiooni s\u00fcsteemi hooldust v\u00f5iks teostada minimaalselt kaks korda aastas. P\u00e4\u00e4steamet n\u00f5uab, et ventilatsioonis\u00fcsteemide hooldus viidaks l\u00e4bi v\u00e4hemalt \u00fcks kord aastas.<\/div>\n<div class=\"elementToProof\"><a href=\"https:\/\/kodusoojaks.ee\/jarelteenindus\/ventilatsiooni-hooldus\/\"><b>\u00bb\u00a0 Loe hooldusest l\u00e4hemalt<\/b><\/a><\/div>\n<div>\u00a0<\/div>\n<div><hr \/><\/div>\n<h3 class=\"elementToProof\">\u00d5hk &#8211; vesi soojuspumba hooldus<\/h3>\n<div class=\"elementToProof\">Hooldust teostada minimaalselt kord aastas koos boileris asuva kaitseanoodi kontrolliga.<\/div>\n<div class=\"elementToProof\"><a href=\"https:\/\/kodusoojaks.ee\/jarelteenindus\/ohk-vesi-soojuspumba-hooldus\/\"><b>\u00bb\u00a0 Loe hooldusest l\u00e4hemalt<\/b><\/a><\/div>\n<div>\u00a0<\/div>\n<div><hr \/><\/div>\n<div class=\"elementToProof\">\n<h3 class=\"elementToProof\">\u00d5hk &#8211; \u00f5hk soojuspumba hooldus<\/h3>\n<div class=\"elementToProof\">Hooldust teostada minimaalselt kord aastas.<\/div>\n<div class=\"elementToProof\"><a href=\"https:\/\/kodusoojaks.ee\/jarelteenindus\/ohk-ohk-soojuspumba-hooldus\/\"><b>\u00bb\u00a0 Loe hooldusest l\u00e4hemalt<\/b><\/a><\/div>\n<div>\u00a0<\/div>\n<div><hr \/><\/div>\n<\/div>\n<h3 class=\"elementToProof\">Konditsioneeri hooldus<\/h3>\n<div>Hooldust teostada minimaalselt kord aastas.<\/div>\n<div class=\"elementToProof\">\u00a0<\/div>\n<hr \/>\n<h3 class=\"elementToProof\">Maasoojuspumba hooldus<\/h3>\n<div>Hooldust teostada minimaalselt kord aastas koos boileris asuva kaitseanoodi kontrolliga.<\/div>\n<div class=\"elementToProof\">\u00a0<\/div>\n<div class=\"elementToProof\">\u00a0<\/div>\n<div class=\"elementToProof\">\u00a0<\/div>\n\n\t\t<\/div>\n\t\t\t\t\t<\/div>\n\n\t\n\n<\/div>\n\n\t\t<\/div>\n\n\t\t\n<style>\n#section_1822828420 {\n  padding-top: 30px;\n  padding-bottom: 30px;\n}\n<\/style>\n\t<\/section>\n\t\n\n\t<section class=\"section paringuvorm dark\" id=\"section_602922251\">\n\t\t<div class=\"section-bg fill\" >\n\t\t\t\t\t\t\t\t\t\n\t\t\t\n\n\t\t<\/div>\n\n\t\t\n\n\t\t<div class=\"section-content relative\">\n\t\t\t\n\n<div class=\"row\" style=\"max-width:768px\" id=\"row-700700070\">\n\n\n\t<div id=\"col-1711995560\" class=\"col small-12 large-12\"  >\n\t\t\t\t<div class=\"col-inner\"  >\n\t\t\t\n\t\t\t\n\n<p><script type=\"text\/javascript\">var gform;gform||(document.addEventListener(\"gform_main_scripts_loaded\",function(){gform.scriptsLoaded=!0}),window.addEventListener(\"DOMContentLoaded\",function(){gform.domLoaded=!0}),gform={domLoaded:!1,scriptsLoaded:!1,initializeOnLoaded:function(o){gform.domLoaded&&gform.scriptsLoaded?o():!gform.domLoaded&&gform.scriptsLoaded?window.addEventListener(\"DOMContentLoaded\",o):document.addEventListener(\"gform_main_scripts_loaded\",o)},hooks:{action:{},filter:{}},addAction:function(o,n,r,t){gform.addHook(\"action\",o,n,r,t)},addFilter:function(o,n,r,t){gform.addHook(\"filter\",o,n,r,t)},doAction:function(o){gform.doHook(\"action\",o,arguments)},applyFilters:function(o){return gform.doHook(\"filter\",o,arguments)},removeAction:function(o,n){gform.removeHook(\"action\",o,n)},removeFilter:function(o,n,r){gform.removeHook(\"filter\",o,n,r)},addHook:function(o,n,r,t,i){null==gform.hooks[o][n]&&(gform.hooks[o][n]=[]);var e=gform.hooks[o][n];null==i&&(i=n+\"_\"+e.length),gform.hooks[o][n].push({tag:i,callable:r,priority:t=null==t?10:t})},doHook:function(n,o,r){var t;if(r=Array.prototype.slice.call(r,1),null!=gform.hooks[n][o]&&((o=gform.hooks[n][o]).sort(function(o,n){return o.priority-n.priority}),o.forEach(function(o){\"function\"!=typeof(t=o.callable)&&(t=window[t]),\"action\"==n?t.apply(null,r):r[0]=t.apply(null,r)})),\"filter\"==n)return r[0]},removeHook:function(o,n,t,i){var r;null!=gform.hooks[o][n]&&(r=(r=gform.hooks[o][n]).filter(function(o,n,r){return!!(null!=i&&i!=o.tag||null!=t&&t!=o.priority)}),gform.hooks[o][n]=r)}});<\/script>\n                <div class='gf_browser_gecko gform_wrapper gravity-theme gform-theme--no-framework' data-form-theme='gravity-theme' data-form-index='0' id='gform_wrapper_4' style='display:none'>\n                        <div class='gform_heading'>\n                            <h2 class=\"gform_title\">Broneeri hooldus siin<\/h2>\n                            <p class='gform_description'><\/p>\n                        <\/div><form method='post' enctype='multipart\/form-data'  id='gform_4'  action='\/ru\/wp-json\/wp\/v2\/pages\/2487' data-formid='4' novalidate> \r\n <input type='hidden' class='gforms-pum' value='{\"closepopup\":false,\"closedelay\":0,\"openpopup\":false,\"openpopup_id\":0}' \/>\n                        <div class='gform-body gform_body'><div id='gform_fields_4' class='gform_fields top_label form_sublabel_below description_below validation_below'><div id=\"field_4_1\" class=\"gfield gfield--type-text gfield--input-type-text gfield_contains_required field_sublabel_below gfield--no-description field_description_below hidden_label field_validation_below gfield_visibility_visible\"  data-js-reload=\"field_4_1\" ><label class='gfield_label gform-field-label' for='input_4_1'>Nimi *<span class=\"gfield_required\"><span class=\"gfield_required gfield_required_text\">(\u041e\u0431\u044f\u0437\u0430\u0442\u0435\u043b\u044c\u043d\u043e)<\/span><\/span><\/label><div class='ginput_container ginput_container_text'><input name='input_1' id='input_4_1' type='text' value='' class='small'    placeholder='Nimi *' aria-required=\"true\" aria-invalid=\"false\"   \/> <\/div><\/div><div id=\"field_4_6\" class=\"gfield gfield--type-text gfield--input-type-text gfield--width-full gfield_contains_required field_sublabel_below gfield--no-description field_description_below hidden_label field_validation_below gfield_visibility_visible\"  data-js-reload=\"field_4_6\" ><label class='gfield_label gform-field-label' for='input_4_6'>Telefon *<span class=\"gfield_required\"><span class=\"gfield_required gfield_required_text\">(\u041e\u0431\u044f\u0437\u0430\u0442\u0435\u043b\u044c\u043d\u043e)<\/span><\/span><\/label><div class='ginput_container ginput_container_text'><input name='input_6' id='input_4_6' type='text' value='' class='small'    placeholder='Telefon *' aria-required=\"true\" aria-invalid=\"false\"   \/> <\/div><\/div><div id=\"field_4_3\" class=\"gfield gfield--type-text gfield--input-type-text gfield--width-full gfield_contains_required field_sublabel_below gfield--no-description field_description_below hidden_label field_validation_below gfield_visibility_visible\"  data-js-reload=\"field_4_3\" ><label class='gfield_label gform-field-label' for='input_4_3'>E-post *<span class=\"gfield_required\"><span class=\"gfield_required gfield_required_text\">(\u041e\u0431\u044f\u0437\u0430\u0442\u0435\u043b\u044c\u043d\u043e)<\/span><\/span><\/label><div class='ginput_container ginput_container_text'><input name='input_3' id='input_4_3' type='text' value='' class='small'    placeholder='E-post *' aria-required=\"true\" aria-invalid=\"false\"   \/> <\/div><\/div><div id=\"field_4_4\" class=\"gfield gfield--type-text gfield--input-type-text gfield--width-full field_sublabel_below gfield--no-description field_description_below hidden_label field_validation_below gfield_visibility_visible\"  data-js-reload=\"field_4_4\" ><label class='gfield_label gform-field-label' for='input_4_4'>Aadress<\/label><div class='ginput_container ginput_container_text'><input name='input_4' id='input_4_4' type='text' value='' class='small'    placeholder='Aadress'  aria-invalid=\"false\"   \/> <\/div><\/div><div id=\"field_4_7\" class=\"gfield gfield--type-select gfield--input-type-select field_sublabel_below gfield--no-description field_description_below hidden_label field_validation_below gfield_visibility_visible\"  data-js-reload=\"field_4_7\" ><label class='gfield_label gform-field-label' for='input_4_7'>Seadme t\u00fc\u00fcp<\/label><div class='ginput_container ginput_container_select'><select name='input_7' id='input_4_7' class='small gfield_select'     aria-invalid=\"false\" ><option value='' selected='selected' class='gf_placeholder'>Vali seadme t\u00fc\u00fcp<\/option><option value='Ventilatsioon' >Ventilatsioon<\/option><option value='\u00d5hk-\u00f5hk soojuspump' >\u00d5hk-\u00f5hk soojuspump<\/option><option value='\u00d5hk-vesi soojuspump' >\u00d5hk-vesi soojuspump<\/option><option value='Konditsioneer' >Konditsioneer<\/option><option value='Maasoojuspump' >Maasoojuspump<\/option><option value='Muu' >Muu<\/option><\/select><\/div><\/div><div id=\"field_4_10\" class=\"gfield gfield--type-select gfield--input-type-select gfield--width-full field_sublabel_below gfield--no-description field_description_below field_validation_below gfield_visibility_visible\"  data-js-reload=\"field_4_10\" ><label class='gfield_label gform-field-label' for='input_4_10'>Seadme tootja<\/label><div class='ginput_container ginput_container_select'><select name='input_10' id='input_4_10' class='small gfield_select'     aria-invalid=\"false\" ><option value='' selected='selected' class='gf_placeholder'>Vali seadme mudel<\/option><option value='Samsung' selected='selected'>Samsung<\/option><option value='Zehnder' >Zehnder<\/option><option value='Paul' >Paul<\/option><option value='EcoForest' >EcoForest<\/option><option value='Muu' >Muu<\/option><\/select><\/div><\/div><div id=\"field_4_11\" class=\"gfield gfield--type-select gfield--input-type-select gfield--width-full field_sublabel_below gfield--no-description field_description_below field_validation_below gfield_visibility_visible\"  data-js-reload=\"field_4_11\" ><label class='gfield_label gform-field-label' for='input_4_11'>Samsung<\/label><div class='ginput_container ginput_container_select'><select name='input_11' id='input_4_11' class='small gfield_select'     aria-invalid=\"false\" ><option value='' selected='selected' class='gf_placeholder'>Vali seadme mudel<\/option><option value='Samsung AN026' >Samsung AN026<\/option><option value='Samsung AN035\/AN050' >Samsung AN035\/AN050<\/option><option value='Samsung AN080\/AN100' >Samsung AN080\/AN100<\/option><option value='Muu' >Muu<\/option><\/select><\/div><\/div><div id=\"field_4_12\" class=\"gfield gfield--type-select gfield--input-type-select gfield--width-full field_sublabel_below gfield--no-description field_description_below field_validation_below gfield_visibility_visible\"  data-js-reload=\"field_4_12\" ><label class='gfield_label gform-field-label' for='input_4_12'>Zehnder<\/label><div class='ginput_container ginput_container_select'><select name='input_12' id='input_4_12' class='small gfield_select'     aria-invalid=\"false\" ><option value='' selected='selected' class='gf_placeholder'>Vali seadme mudel<\/option><option value='Zehnder ComfoAir Q 350\/400\/600' >Zehnder ComfoAir Q 350\/400\/600<\/option><option value='Zehnder ComfoAir E' >Zehnder ComfoAir E<\/option><option value='Zehnder ComfoAir 350\/ ComfoD 350\/ ComfoAir 375 Standard' >Zehnder ComfoAir 350\/ ComfoD 350\/ ComfoAir 375 Standard<\/option><option value='Zehnder ComfoAir 200\/ 225' >Zehnder ComfoAir 200\/ 225<\/option><option value='Muu' >Muu<\/option><\/select><\/div><\/div><div id=\"field_4_13\" class=\"gfield gfield--type-select gfield--input-type-select gfield--width-full field_sublabel_below gfield--no-description field_description_below field_validation_below gfield_visibility_visible\"  data-js-reload=\"field_4_13\" ><label class='gfield_label gform-field-label' for='input_4_13'>Paul<\/label><div class='ginput_container ginput_container_select'><select name='input_13' id='input_4_13' class='small gfield_select'     aria-invalid=\"false\" ><option value='' selected='selected' class='gf_placeholder'>Vali seadme mudel<\/option><option value='Paul Focus 200' >Paul Focus 200<\/option><option value='Paul Climos 200' >Paul Climos 200<\/option><option value='Muu' >Muu<\/option><\/select><\/div><\/div><div id=\"field_4_14\" class=\"gfield gfield--type-select gfield--input-type-select gfield--width-full field_sublabel_below gfield--no-description field_description_below field_validation_below gfield_visibility_visible\"  data-js-reload=\"field_4_14\" ><label class='gfield_label gform-field-label' for='input_4_14'>EcoForest<\/label><div class='ginput_container ginput_container_select'><select name='input_14' id='input_4_14' class='small gfield_select'     aria-invalid=\"false\" ><option value='' selected='selected' class='gf_placeholder'>Vali seadme mudel<\/option><option value='EcoForest' >EcoForest<\/option><\/select><\/div><\/div><div id=\"field_4_9\" class=\"gfield gfield--type-textarea gfield--input-type-textarea field_sublabel_below gfield--no-description field_description_below hidden_label field_validation_below gfield_visibility_visible\"  data-js-reload=\"field_4_9\" ><label class='gfield_label gform-field-label' for='input_4_9'>Lisainfo<\/label><div class='ginput_container ginput_container_textarea'><textarea name='input_9' id='input_4_9' class='textarea small'    placeholder='Kui Teil on meile lisainfot\/kl\u00fcsimusi, kirjutage palun siia'  aria-invalid=\"false\"   rows='10' cols='50'><\/textarea><\/div><\/div><\/div><\/div>\n        <div class='gform_footer before'> <input type='submit' id='gform_submit_button_4' class='gform_button button' value='K\u00fcsi pakkumist'  onclick='if(window[\"gf_submitting_4\"]){return false;}  if( !jQuery(\"#gform_4\")[0].checkValidity || jQuery(\"#gform_4\")[0].checkValidity()){window[\"gf_submitting_4\"]=true;}  ' onkeypress='if( event.keyCode == 13 ){ if(window[\"gf_submitting_4\"]){return false;} if( !jQuery(\"#gform_4\")[0].checkValidity || jQuery(\"#gform_4\")[0].checkValidity()){window[\"gf_submitting_4\"]=true;}  jQuery(\"#gform_4\").trigger(\"submit\",[true]); }' \/> \n            <input type='hidden' class='gform_hidden' name='is_submit_4' value='1' \/>\n            <input type='hidden' class='gform_hidden' name='gform_submit' value='4' \/>\n            \n            <input type='hidden' class='gform_hidden' name='gform_unique_id' value='' \/>\n            <input type='hidden' class='gform_hidden' name='state_4' value='WyJ7XCI3XCI6W1wiYTIwYmI5YzM0OGUwNmJkMWJhMDg0MTE0MTVjMGNmOTZcIixcIjdjYWFkYjk5NWFiMWI1ODZmYWEyM2UzZWQ3OWZmYWE3XCIsXCI0ZjhkNTAzNTIyNzlhYzVjYmQwZTIxMDZmNzU2YmU5M1wiLFwiN2UwMTc3MjY4YjYxYzkzMWI4Y2NlOGNhODNkNWE4NDdcIixcIjQ2ZWQ5OTQ0OTc3MmI2Y2EwZjMwYTIyMTFhNTViNWMwXCIsXCJkMzZjMDZiZjdmZDVmYzJhM2NjOWYyZGVmMTcyZjM5NFwiXSxcIjEwXCI6W1wiZmM4ZTVjOWM1ZjE3NTM0ODJmNjYxMTllNWE0MDI1ZmNcIixcIjUxZjllOGZhM2IwMWMwNWE4ZmYxYjUyZWIwMjdmZGNiXCIsXCIwMDIzYzJmOWUyMTJhMDQ5ZTEyMDUxZmVjZmUxNTZlY1wiLFwiNzFmYmZkNjQwNWQ0Zjc2MjRhOWFmMzIwNTE2ZDdkOTZcIixcImQzNmMwNmJmN2ZkNWZjMmEzY2M5ZjJkZWYxNzJmMzk0XCJdLFwiMTFcIjpbXCIyMWIxNTZlOGVhNTgxYjE3YWE0NzI4M2Y4ZGZhMDlkMFwiLFwiMTBkMTc5MTdjNDc3MDU5MWFmMjU2YzkwNjE4MWE4ZGNcIixcIjA2MzE2NWYwYzQ4MDJlNGQzYTUwNjY5OThhM2NlNzU3XCIsXCJkMzZjMDZiZjdmZDVmYzJhM2NjOWYyZGVmMTcyZjM5NFwiXSxcIjEyXCI6W1wiM2VmMGRmMjc0MzI1MTk3NTk3YzVlMGMzNTc3YWUyNDhcIixcIjE4NWQzNjY4NDlmMjM2OTRmMWU5MzRlMzYyOWRjYzYwXCIsXCI1NTM0ZTBkM2UxOWQ5ZTdhNjcyOGZmZjBjNjhiM2UzZlwiLFwiYTM5MDY5YTliNDdlNjRkMWQ1MWUxYWNiYWViZGQ2Y2VcIixcImQzNmMwNmJmN2ZkNWZjMmEzY2M5ZjJkZWYxNzJmMzk0XCJdLFwiMTNcIjpbXCIxOTlkODMwZDU2OWUwZmZiNzZjM2ZkYjIxMzU1ZTAxY1wiLFwiNmEwNWVhOTg5MjFjMDhlNzRmNmQ3ZTU4ZjZjYzI0NmJcIixcImQzNmMwNmJmN2ZkNWZjMmEzY2M5ZjJkZWYxNzJmMzk0XCJdLFwiMTRcIjpbXCI3MWZiZmQ2NDA1ZDRmNzYyNGE5YWYzMjA1MTZkN2Q5NlwiXX0iLCI2Mzg2YThkZTk0MDM5ZWVhNDI4YmUwNWI0OGU5NTk5OCJd' \/>\n            <input type='hidden' class='gform_hidden' name='gform_target_page_number_4' id='gform_target_page_number_4' value='0' \/>\n            <input type='hidden' class='gform_hidden' name='gform_source_page_number_4' id='gform_source_page_number_4' value='1' \/>\n            <input type='hidden' name='gform_field_values' value='' \/>\n            \n        <\/div>\n                        <p style=\"display: none !important;\" class=\"akismet-fields-container\" data-prefix=\"ak_\"><label>&#916;<textarea name=\"ak_hp_textarea\" cols=\"45\" rows=\"8\" maxlength=\"100\"><\/textarea><\/label><input type=\"hidden\" id=\"ak_js_1\" name=\"ak_js\" value=\"80\"\/><script>document.getElementById( \"ak_js_1\" ).setAttribute( \"value\", ( new Date() ).getTime() );<\/script><\/p><\/form>\n                        <\/div><script type=\"text\/javascript\">\n\/* <![CDATA[ *\/\n gform.initializeOnLoaded( function() {gformInitSpinner( 4, 'https:\/\/kodusoojaks.ee\/wp-content\/plugins\/gravityforms\/images\/spinner.svg', true );jQuery('#gform_ajax_frame_4').on('load',function(){var contents = jQuery(this).contents().find('*').html();var is_postback = contents.indexOf('GF_AJAX_POSTBACK') >= 0;if(!is_postback){return;}var form_content = jQuery(this).contents().find('#gform_wrapper_4');var is_confirmation = jQuery(this).contents().find('#gform_confirmation_wrapper_4').length > 0;var is_redirect = contents.indexOf('gformRedirect(){') >= 0;var is_form = form_content.length > 0 && ! is_redirect && ! is_confirmation;var mt = parseInt(jQuery('html').css('margin-top'), 10) + parseInt(jQuery('body').css('margin-top'), 10) + 100;if(is_form){form_content.find('form').css('opacity', 0);jQuery('#gform_wrapper_4').html(form_content.html());if(form_content.hasClass('gform_validation_error')){jQuery('#gform_wrapper_4').addClass('gform_validation_error');} else {jQuery('#gform_wrapper_4').removeClass('gform_validation_error');}setTimeout( function() { \/* delay the scroll by 50 milliseconds to fix a bug in chrome *\/  }, 50 );if(window['gformInitDatepicker']) {gformInitDatepicker();}if(window['gformInitPriceFields']) {gformInitPriceFields();}var current_page = jQuery('#gform_source_page_number_4').val();gformInitSpinner( 4, 'https:\/\/kodusoojaks.ee\/wp-content\/plugins\/gravityforms\/images\/spinner.svg', true );jQuery(document).trigger('gform_page_loaded', [4, current_page]);window['gf_submitting_4'] = false;}else if(!is_redirect){var confirmation_content = jQuery(this).contents().find('.GF_AJAX_POSTBACK').html();if(!confirmation_content){confirmation_content = contents;}jQuery('#gform_wrapper_4').replaceWith(confirmation_content);jQuery(document).trigger('gform_confirmation_loaded', [4]);window['gf_submitting_4'] = false;wp.a11y.speak(jQuery('#gform_confirmation_message_4').text());}else{jQuery('#gform_4').append(contents);if(window['gformRedirect']) {gformRedirect();}}jQuery(document).trigger(\"gform_pre_post_render\", [{ formId: \"4\", currentPage: \"current_page\", abort: function() { this.preventDefault(); } }]);                if (event && event.defaultPrevented) {                return;         }        const gformWrapperDiv = document.getElementById( \"gform_wrapper_4\" );        if ( gformWrapperDiv ) {            const visibilitySpan = document.createElement( \"span\" );            visibilitySpan.id = \"gform_visibility_test_4\";            gformWrapperDiv.insertAdjacentElement( \"afterend\", visibilitySpan );        }        const visibilityTestDiv = document.getElementById( \"gform_visibility_test_4\" );        let postRenderFired = false;                function triggerPostRender() {            if ( postRenderFired ) {                return;            }            postRenderFired = true;            jQuery( document ).trigger( 'gform_post_render', [4, current_page] );            gform.utils.trigger( { event: 'gform\/postRender', native: false, data: { formId: 4, currentPage: current_page } } );            if ( visibilityTestDiv ) {                visibilityTestDiv.parentNode.removeChild( visibilityTestDiv );            }        }        function debounce( func, wait, immediate ) {            var timeout;            return function() {                var context = this, args = arguments;                var later = function() {                    timeout = null;                    if ( !immediate ) func.apply( context, args );                };                var callNow = immediate && !timeout;                clearTimeout( timeout );                timeout = setTimeout( later, wait );                if ( callNow ) func.apply( context, args );            };        }        const debouncedTriggerPostRender = debounce( function() {            triggerPostRender();        }, 200 );        if ( visibilityTestDiv && visibilityTestDiv.offsetParent === null ) {            const observer = new MutationObserver( ( mutations ) => {                mutations.forEach( ( mutation ) => {                    if ( mutation.type === 'attributes' && visibilityTestDiv.offsetParent !== null ) {                        debouncedTriggerPostRender();                        observer.disconnect();                    }                });            });            observer.observe( document.body, {                attributes: true,                childList: false,                subtree: true,                attributeFilter: [ 'style', 'class' ],            });        } else {            triggerPostRender();        }    } );} ); \n\/* ]]> *\/\n<\/script>\n<\/p>\n\n\n\t\t<\/div>\n\t\t\t\t\t<\/div>\n\n\t\n\n<\/div>\n\n\t\t<\/div>\n\n\t\t\n<style>\n#section_602922251 {\n  padding-top: 30px;\n  padding-bottom: 30px;\n  background-color: rgb(51, 51, 51);\n}\n<\/style>\n\t<\/section>\n\t\n\n\n","protected":false},"excerpt":{"rendered":"","protected":false},"author":2,"featured_media":0,"parent":0,"menu_order":0,"comment_status":"closed","ping_status":"closed","template":"page-blank.php","meta":{"_acf_changed":false,"footnotes":""},"class_list":["post-2487","page","type-page","status-publish","hentry"],"acf":[],"_links":{"self":[{"href":"https:\/\/kodusoojaks.ee\/ru\/wp-json\/wp\/v2\/pages\/2487","targetHints":{"allow":["GET"]}}],"collection":[{"href":"https:\/\/kodusoojaks.ee\/ru\/wp-json\/wp\/v2\/pages"}],"about":[{"href":"https:\/\/kodusoojaks.ee\/ru\/wp-json\/wp\/v2\/types\/page"}],"author":[{"embeddable":true,"href":"https:\/\/kodusoojaks.ee\/ru\/wp-json\/wp\/v2\/users\/2"}],"replies":[{"embeddable":true,"href":"https:\/\/kodusoojaks.ee\/ru\/wp-json\/wp\/v2\/comments?post=2487"}],"version-history":[{"count":11,"href":"https:\/\/kodusoojaks.ee\/ru\/wp-json\/wp\/v2\/pages\/2487\/revisions"}],"predecessor-version":[{"id":4028,"href":"https:\/\/kodusoojaks.ee\/ru\/wp-json\/wp\/v2\/pages\/2487\/revisions\/4028"}],"wp:attachment":[{"href":"https:\/\/kodusoojaks.ee\/ru\/wp-json\/wp\/v2\/media?parent=2487"}],"curies":[{"name":"wp","href":"https:\/\/api.w.org\/{rel}","templated":true}]}}